{"id":38006,"date":"2025-11-04T11:28:11","date_gmt":"2025-11-04T10:28:11","guid":{"rendered":"https:\/\/swissmig.unine.ch\/?page_id=38006"},"modified":"2025-11-24T12:09:43","modified_gmt":"2025-11-24T11:09:43","slug":"about","status":"publish","type":"page","link":"https:\/\/swissmig.unine.ch\/?page_id=38006","title":{"rendered":"About"},"content":{"rendered":"\n<figure class=\"wp-block-image size-medium\"><img loading=\"lazy\" decoding=\"async\" width=\"300\" height=\"115\" src=\"https:\/\/swissmig.unine.ch\/wp-content\/uploads\/2025\/10\/Logo-SFM-Grey-Byline-300x115.png\" alt=\"SFM\" class=\"wp-image-11\" srcset=\"https:\/\/swissmig.unine.ch\/wp-content\/uploads\/2025\/10\/Logo-SFM-Grey-Byline-300x115.png 300w, https:\/\/swissmig.unine.ch\/wp-content\/uploads\/2025\/10\/Logo-SFM-Grey-Byline-1024x393.png 1024w, https:\/\/swissmig.unine.ch\/wp-content\/uploads\/2025\/10\/Logo-SFM-Grey-Byline-768x295.png 768w, https:\/\/swissmig.unine.ch\/wp-content\/uploads\/2025\/10\/Logo-SFM-Grey-Byline-1536x590.png 1536w, https:\/\/swissmig.unine.ch\/wp-content\/uploads\/2025\/10\/Logo-SFM-Grey-Byline-2048x787.png 2048w\" sizes=\"auto, (max-width: 300px) 100vw, 300px\" \/><\/figure>\n\n\n\n<p>This scientific monitoring is conducted by the documentation center of the Swiss Forum for Migration and Population Studies (SFM). Launched in 2017, it aims to provide a comprehensive overview of published articles, book chapters, theses or scientific reports on the subjects of migration and citizenship in relation to Switzerland. It is also designed to help scholars and interested parties stay up to date with the scientific literature published on this topic.<\/p>\n\n\n\n<p>Cette veille scientifique a \u00e9t\u00e9 mise en place en 2017 par les documentalistes du Forum suisse pour l&#8217;\u00e9tude des migrations (SFM). Elle a pour but d&#8217;offrir un panorama le plus exhaustif possible sur le th\u00e8me de la migration et de la citoyennet\u00e9 en lien avec la Suisse. R\u00e9guli\u00e8rement mise \u00e0 jour, elle propose des articles scientifiques, des rapports, des chapitres de livre ou des th\u00e8ses qui sont susceptibles d&#8217;int\u00e9resser \u00e9tudiant-e-s, professeur-e-s, chercheuses et chercheurs.<\/p>\n","protected":false},"excerpt":{"rendered":"<p>This scientific monitoring is conducted by the documentation center of the Swiss Forum for Migration and Population Studies (SFM). Launched in 2017, it aims to provide a comprehensive overview of published articles, book chapters, theses or scientific reports on the subjects of migration and citizenship in relation to Switzerland. It is also designed to help&#8230;<\/p>\n","protected":false},"author":3,"featured_media":11,"parent":0,"menu_order":4,"comment_status":"closed","ping_status":"closed","template":"","meta":{"_kadence_starter_templates_imported_post":false,"_kad_post_transparent":"","_kad_post_title":"default","_kad_post_layout":"right","_kad_post_sidebar_id":"sidebar-primary","_kad_post_content_style":"","_kad_post_vertical_padding":"","_kad_post_feature":"","_kad_post_feature_position":"","_kad_post_header":false,"_kad_post_footer":false,"_kad_post_classname":"","jetpack_post_was_ever_published":false,"footnotes":""},"class_list":["post-38006","page","type-page","status-publish","has-post-thumbnail","hentry"],"jetpack_sharing_enabled":true,"_links":{"self":[{"href":"https:\/\/swissmig.unine.ch\/index.php?rest_route=\/wp\/v2\/pages\/38006","targetHints":{"allow":["GET"]}}],"collection":[{"href":"https:\/\/swissmig.unine.ch\/index.php?rest_route=\/wp\/v2\/pages"}],"about":[{"href":"https:\/\/swissmig.unine.ch\/index.php?rest_route=\/wp\/v2\/types\/page"}],"author":[{"embeddable":true,"href":"https:\/\/swissmig.unine.ch\/index.php?rest_route=\/wp\/v2\/users\/3"}],"replies":[{"embeddable":true,"href":"https:\/\/swissmig.unine.ch\/index.php?rest_route=%2Fwp%2Fv2%2Fcomments&post=38006"}],"version-history":[{"count":4,"href":"https:\/\/swissmig.unine.ch\/index.php?rest_route=\/wp\/v2\/pages\/38006\/revisions"}],"predecessor-version":[{"id":38272,"href":"https:\/\/swissmig.unine.ch\/index.php?rest_route=\/wp\/v2\/pages\/38006\/revisions\/38272"}],"wp:featuredmedia":[{"embeddable":true,"href":"https:\/\/swissmig.unine.ch\/index.php?rest_route=\/wp\/v2\/media\/11"}],"wp:attachment":[{"href":"https:\/\/swissmig.unine.ch\/index.php?rest_route=%2Fwp%2Fv2%2Fmedia&parent=38006"}],"curies":[{"name":"wp","href":"https:\/\/api.w.org\/{rel}","templated":true}]}}